{"id":720,"date":"2023-08-25T09:56:58","date_gmt":"2023-08-25T09:56:58","guid":{"rendered":"https:\/\/bikekia.sk\/novinky\/"},"modified":"2023-09-01T08:45:51","modified_gmt":"2023-09-01T08:45:51","slug":"news","status":"publish","type":"page","link":"https:\/\/bikekia.sk\/en\/news\/","title":{"rendered":"Novinky &#8211; News"},"content":{"rendered":"\t\t<div data-elementor-type=\"wp-page\" data-elementor-id=\"720\" class=\"elementor elementor-720 elementor-584\" data-elementor-post-type=\"page\">\n\t\t\t\t\t\t<section class=\"elementor-section elementor-top-section elementor-element elementor-element-2d04f1d6 elementor-section-height-min-height elementor-section-boxed elementor-section-height-default elementor-section-items-middle\" data-id=\"2d04f1d6\" data-element_type=\"section\" data-settings=\"{&quot;background_background&quot;:&quot;classic&quot;}\">\n\t\t\t\t\t\t\t<div class=\"elementor-background-overlay\"><\/div>\n\t\t\t\t\t\t\t<div class=\"elementor-container elementor-column-gap-no\">\n\t\t\t\t\t<div class=\"elementor-column elementor-col-100 elementor-top-column elementor-element elementor-element-77c64643\" data-id=\"77c64643\" data-element_type=\"column\">\n\t\t\t<div class=\"elementor-widget-wrap\">\n\t\t\t\t\t\t\t<\/div>\n\t\t<\/div>\n\t\t\t\t\t<\/div>\n\t\t<\/section>\n\t\t\t\t<section class=\"elementor-section elementor-top-section elementor-element elementor-element-1d07c420 elementor-section-boxed elementor-section-height-default elementor-section-height-default\" data-id=\"1d07c420\" data-element_type=\"section\" id=\"novinky\" data-settings=\"{&quot;background_background&quot;:&quot;classic&quot;}\">\n\t\t\t\t\t\t\t<div class=\"elementor-background-overlay\"><\/div>\n\t\t\t\t\t\t\t<div class=\"elementor-container elementor-column-gap-no\">\n\t\t\t\t\t<div class=\"elementor-column elementor-col-100 elementor-top-column elementor-element elementor-element-545b045b\" data-id=\"545b045b\" data-element_type=\"column\">\n\t\t\t<div class=\"elementor-widget-wrap elementor-element-populated\">\n\t\t\t\t\t\t<section class=\"elementor-section elementor-inner-section elementor-element elementor-element-39dcf77d elementor-section-content-middle elementor-section-boxed elementor-section-height-default elementor-section-height-default\" data-id=\"39dcf77d\" data-element_type=\"section\">\n\t\t\t\t\t\t<div class=\"elementor-container elementor-column-gap-default\">\n\t\t\t\t\t<div class=\"elementor-column elementor-col-100 elementor-inner-column elementor-element elementor-element-3002b800\" data-id=\"3002b800\" data-element_type=\"column\">\n\t\t\t<div class=\"elementor-widget-wrap elementor-element-populated\">\n\t\t\t\t\t\t<div class=\"elementor-element elementor-element-56eb0b44 elementor-widget elementor-widget-spacer\" data-id=\"56eb0b44\" data-element_type=\"widget\" data-widget_type=\"spacer.default\">\n\t\t\t\t<div class=\"elementor-widget-container\">\n\t\t\t\t\t<div class=\"elementor-spacer\">\n\t\t\t<div class=\"elementor-spacer-inner\"><\/div>\n\t\t<\/div>\n\t\t\t\t<\/div>\n\t\t\t\t<\/div>\n\t\t\t\t<div class=\"elementor-element elementor-element-b809279 elementor-widget elementor-widget-elementskit-heading\" data-id=\"b809279\" data-element_type=\"widget\" data-widget_type=\"elementskit-heading.default\">\n\t\t\t\t<div class=\"elementor-widget-container\">\n\t\t\t<div class=\"ekit-wid-con\" ><div class=\"ekit-heading elementskit-section-title-wraper text_center   ekit_heading_tablet-   ekit_heading_mobile-\"><h3 class=\"ekit-heading--title elementskit-section-title \"><span>Bike<\/span> News  <\/h3><\/div><\/div>\t\t<\/div>\n\t\t\t\t<\/div>\n\t\t\t\t\t<\/div>\n\t\t<\/div>\n\t\t\t\t\t<\/div>\n\t\t<\/section>\n\t\t\t\t<section class=\"elementor-section elementor-inner-section elementor-element elementor-element-44f3217d elementor-section-boxed elementor-section-height-default elementor-section-height-default\" data-id=\"44f3217d\" data-element_type=\"section\">\n\t\t\t\t\t\t<div class=\"elementor-container elementor-column-gap-default\">\n\t\t\t\t\t<div class=\"elementor-column elementor-col-100 elementor-inner-column elementor-element elementor-element-4eb1c738\" data-id=\"4eb1c738\" data-element_type=\"column\">\n\t\t\t<div class=\"elementor-widget-wrap elementor-element-populated\">\n\t\t\t\t\t\t<div class=\"elementor-element elementor-element-4069add3 elementor-posts--align-center elementor-grid-tablet-1 elementor-grid-3 elementor-grid-mobile-1 elementor-posts--thumbnail-top elementor-posts__hover-gradient elementor-widget elementor-widget-posts\" data-id=\"4069add3\" data-element_type=\"widget\" data-settings=\"{&quot;cards_row_gap&quot;:{&quot;unit&quot;:&quot;px&quot;,&quot;size&quot;:30,&quot;sizes&quot;:[]},&quot;cards_columns_tablet&quot;:&quot;1&quot;,&quot;cards_columns&quot;:&quot;3&quot;,&quot;cards_columns_mobile&quot;:&quot;1&quot;,&quot;cards_row_gap_tablet&quot;:{&quot;unit&quot;:&quot;px&quot;,&quot;size&quot;:&quot;&quot;,&quot;sizes&quot;:[]},&quot;cards_row_gap_mobile&quot;:{&quot;unit&quot;:&quot;px&quot;,&quot;size&quot;:&quot;&quot;,&quot;sizes&quot;:[]}}\" data-widget_type=\"posts.cards\">\n\t\t\t\t<div class=\"elementor-widget-container\">\n\t\t\t\t\t<div class=\"elementor-posts-container elementor-posts elementor-posts--skin-cards elementor-grid\">\n\t\t\t\t<article class=\"elementor-post elementor-grid-item post-2431 post type-post status-publish format-standard has-post-thumbnail hentry category-novinky-en\">\n\t\t\t<div class=\"elementor-post__card\">\n\t\t\t\t<a class=\"elementor-post__thumbnail__link\" href=\"https:\/\/bikekia.sk\/en\/take-a-picture-of-bikekia-and-win-4\/\" tabindex=\"-1\" ><div class=\"elementor-post__thumbnail\"><img fetchpriority=\"high\" decoding=\"async\" width=\"1440\" height=\"1440\" src=\"https:\/\/bikekia.sk\/wp-content\/uploads\/2024\/07\/02_bikekia_07-2024.png\" class=\"attachment-full size-full wp-image-2434\" alt=\"\" srcset=\"https:\/\/bikekia.sk\/wp-content\/uploads\/2024\/07\/02_bikekia_07-2024.png 1440w, https:\/\/bikekia.sk\/wp-content\/uploads\/2024\/07\/02_bikekia_07-2024-300x300.png 300w, https:\/\/bikekia.sk\/wp-content\/uploads\/2024\/07\/02_bikekia_07-2024-1024x1024.png 1024w, https:\/\/bikekia.sk\/wp-content\/uploads\/2024\/07\/02_bikekia_07-2024-150x150.png 150w, https:\/\/bikekia.sk\/wp-content\/uploads\/2024\/07\/02_bikekia_07-2024-768x768.png 768w, https:\/\/bikekia.sk\/wp-content\/uploads\/2024\/07\/02_bikekia_07-2024-1320x1320.png 1320w\" sizes=\"(max-width: 1440px) 100vw, 1440px\" \/><\/div><\/a>\n\t\t\t\t<div class=\"elementor-post__text\">\n\t\t\t\t<h5 class=\"elementor-post__title\">\n\t\t\t<a href=\"https:\/\/bikekia.sk\/en\/take-a-picture-of-bikekia-and-win-4\/\" >\n\t\t\t\tTake a picture of BikeKIA and win!\t\t\t<\/a>\n\t\t<\/h5>\n\t\t\t\t<div class=\"elementor-post__excerpt\">\n\t\t\t<p>Bikers, we have the BikeKIA summer photo contest for you! Three of you<\/p>\n\t\t<\/div>\n\t\t\t\t<\/div>\n\t\t\t\t<div class=\"elementor-post__meta-data\">\n\t\t\t\t\t<span class=\"elementor-post-date\">\n\t\t\t16.07.2024\t\t<\/span>\n\t\t\t\t<\/div>\n\t\t\t\t\t<\/div>\n\t\t<\/article>\n\t\t\t\t<article class=\"elementor-post elementor-grid-item post-2410 post type-post status-publish format-standard has-post-thumbnail hentry category-novinky-en\">\n\t\t\t<div class=\"elementor-post__card\">\n\t\t\t\t<a class=\"elementor-post__thumbnail__link\" href=\"https:\/\/bikekia.sk\/en\/take-a-picture-of-bikekia-and-win-3\/\" tabindex=\"-1\" ><div class=\"elementor-post__thumbnail\"><img decoding=\"async\" width=\"720\" height=\"480\" src=\"https:\/\/bikekia.sk\/wp-content\/uploads\/2024\/05\/BikeKIA.png\" class=\"attachment-full size-full wp-image-2425\" alt=\"\" srcset=\"https:\/\/bikekia.sk\/wp-content\/uploads\/2024\/05\/BikeKIA.png 720w, https:\/\/bikekia.sk\/wp-content\/uploads\/2024\/05\/BikeKIA-300x200.png 300w\" sizes=\"(max-width: 720px) 100vw, 720px\" \/><\/div><\/a>\n\t\t\t\t<div class=\"elementor-post__text\">\n\t\t\t\t<h5 class=\"elementor-post__title\">\n\t\t\t<a href=\"https:\/\/bikekia.sk\/en\/take-a-picture-of-bikekia-and-win-3\/\" >\n\t\t\t\tTake a picture of BikeKIA and win!\t\t\t<\/a>\n\t\t<\/h5>\n\t\t\t\t<div class=\"elementor-post__excerpt\">\n\t\t\t<p>Bikers, we have the BikeKIA summer photo contest for you! Three of you<\/p>\n\t\t<\/div>\n\t\t\t\t<\/div>\n\t\t\t\t<div class=\"elementor-post__meta-data\">\n\t\t\t\t\t<span class=\"elementor-post-date\">\n\t\t\t06.05.2024\t\t<\/span>\n\t\t\t\t<\/div>\n\t\t\t\t\t<\/div>\n\t\t<\/article>\n\t\t\t\t<article class=\"elementor-post elementor-grid-item post-2400 post type-post status-publish format-standard has-post-thumbnail hentry category-novinky-en\">\n\t\t\t<div class=\"elementor-post__card\">\n\t\t\t\t<a class=\"elementor-post__thumbnail__link\" href=\"https:\/\/bikekia.sk\/en\/take-a-picture-of-bikekia-and-win-2\/\" tabindex=\"-1\" ><div class=\"elementor-post__thumbnail\"><img decoding=\"async\" width=\"1440\" height=\"1440\" src=\"https:\/\/bikekia.sk\/wp-content\/uploads\/2024\/04\/07_post_april_BikeKIA.png\" class=\"attachment-full size-full wp-image-2403\" alt=\"\" srcset=\"https:\/\/bikekia.sk\/wp-content\/uploads\/2024\/04\/07_post_april_BikeKIA.png 1440w, https:\/\/bikekia.sk\/wp-content\/uploads\/2024\/04\/07_post_april_BikeKIA-300x300.png 300w, https:\/\/bikekia.sk\/wp-content\/uploads\/2024\/04\/07_post_april_BikeKIA-1024x1024.png 1024w, https:\/\/bikekia.sk\/wp-content\/uploads\/2024\/04\/07_post_april_BikeKIA-150x150.png 150w, https:\/\/bikekia.sk\/wp-content\/uploads\/2024\/04\/07_post_april_BikeKIA-768x768.png 768w, https:\/\/bikekia.sk\/wp-content\/uploads\/2024\/04\/07_post_april_BikeKIA-1320x1320.png 1320w\" sizes=\"(max-width: 1440px) 100vw, 1440px\" \/><\/div><\/a>\n\t\t\t\t<div class=\"elementor-post__text\">\n\t\t\t\t<h5 class=\"elementor-post__title\">\n\t\t\t<a href=\"https:\/\/bikekia.sk\/en\/take-a-picture-of-bikekia-and-win-2\/\" >\n\t\t\t\tTake a picture of BikeKIA and win!\t\t\t<\/a>\n\t\t<\/h5>\n\t\t\t\t<div class=\"elementor-post__excerpt\">\n\t\t\t<p>Bikers, we have the BikeKIA summer photo contest for you! Three of you<\/p>\n\t\t<\/div>\n\t\t\t\t<\/div>\n\t\t\t\t<div class=\"elementor-post__meta-data\">\n\t\t\t\t\t<span class=\"elementor-post-date\">\n\t\t\t26.04.2024\t\t<\/span>\n\t\t\t\t<\/div>\n\t\t\t\t\t<\/div>\n\t\t<\/article>\n\t\t\t\t<article class=\"elementor-post elementor-grid-item post-2215 post type-post status-publish format-standard has-post-thumbnail hentry category-novinky-en\">\n\t\t\t<div class=\"elementor-post__card\">\n\t\t\t\t<a class=\"elementor-post__thumbnail__link\" href=\"https:\/\/bikekia.sk\/en\/come-to-the-kiosk-on-bikekia-3\/\" tabindex=\"-1\" ><div class=\"elementor-post__thumbnail\"><img loading=\"lazy\" decoding=\"async\" width=\"2560\" height=\"1707\" src=\"https:\/\/bikekia.sk\/wp-content\/uploads\/2024\/03\/2024_03_05_ARRIVA_Zdiel\u030cane\u0301-bicykle-2-scaled.jpg\" class=\"attachment-full size-full wp-image-2222\" alt=\"\" srcset=\"https:\/\/bikekia.sk\/wp-content\/uploads\/2024\/03\/2024_03_05_ARRIVA_Zdiel\u030cane\u0301-bicykle-2-scaled.jpg 2560w, https:\/\/bikekia.sk\/wp-content\/uploads\/2024\/03\/2024_03_05_ARRIVA_Zdiel\u030cane\u0301-bicykle-2-300x200.jpg 300w, https:\/\/bikekia.sk\/wp-content\/uploads\/2024\/03\/2024_03_05_ARRIVA_Zdiel\u030cane\u0301-bicykle-2-1024x683.jpg 1024w, https:\/\/bikekia.sk\/wp-content\/uploads\/2024\/03\/2024_03_05_ARRIVA_Zdiel\u030cane\u0301-bicykle-2-768x512.jpg 768w, https:\/\/bikekia.sk\/wp-content\/uploads\/2024\/03\/2024_03_05_ARRIVA_Zdiel\u030cane\u0301-bicykle-2-1536x1024.jpg 1536w, https:\/\/bikekia.sk\/wp-content\/uploads\/2024\/03\/2024_03_05_ARRIVA_Zdiel\u030cane\u0301-bicykle-2-2048x1365.jpg 2048w\" sizes=\"(max-width: 2560px) 100vw, 2560px\" \/><\/div><\/a>\n\t\t\t\t<div class=\"elementor-post__text\">\n\t\t\t\t<h5 class=\"elementor-post__title\">\n\t\t\t<a href=\"https:\/\/bikekia.sk\/en\/come-to-the-kiosk-on-bikekia-3\/\" >\n\t\t\t\tCome to the Kiosk on BikeKIA!\t\t\t<\/a>\n\t\t<\/h5>\n\t\t\t\t<div class=\"elementor-post__excerpt\">\n\t\t\t<p>Bikers, we invite you to Kiosk &#8211; Festival of high voltage theatre and<\/p>\n\t\t<\/div>\n\t\t\t\t<\/div>\n\t\t\t\t<div class=\"elementor-post__meta-data\">\n\t\t\t\t\t<span class=\"elementor-post-date\">\n\t\t\t06.03.2024\t\t<\/span>\n\t\t\t\t<\/div>\n\t\t\t\t\t<\/div>\n\t\t<\/article>\n\t\t\t\t<article class=\"elementor-post elementor-grid-item post-1933 post type-post status-publish format-standard has-post-thumbnail hentry category-novinky-en\">\n\t\t\t<div class=\"elementor-post__card\">\n\t\t\t\t<a class=\"elementor-post__thumbnail__link\" href=\"https:\/\/bikekia.sk\/en\/come-to-the-kiosk-on-bikekia-2\/\" tabindex=\"-1\" ><div class=\"elementor-post__thumbnail\"><img loading=\"lazy\" decoding=\"async\" width=\"1440\" height=\"1440\" src=\"https:\/\/bikekia.sk\/wp-content\/uploads\/2024\/01\/2024_01_19_BikeKIA_Bicykle.jpg\" class=\"attachment-full size-full wp-image-1935\" alt=\"\" srcset=\"https:\/\/bikekia.sk\/wp-content\/uploads\/2024\/01\/2024_01_19_BikeKIA_Bicykle.jpg 1440w, https:\/\/bikekia.sk\/wp-content\/uploads\/2024\/01\/2024_01_19_BikeKIA_Bicykle-300x300.jpg 300w, https:\/\/bikekia.sk\/wp-content\/uploads\/2024\/01\/2024_01_19_BikeKIA_Bicykle-1024x1024.jpg 1024w, https:\/\/bikekia.sk\/wp-content\/uploads\/2024\/01\/2024_01_19_BikeKIA_Bicykle-150x150.jpg 150w, https:\/\/bikekia.sk\/wp-content\/uploads\/2024\/01\/2024_01_19_BikeKIA_Bicykle-768x768.jpg 768w\" sizes=\"(max-width: 1440px) 100vw, 1440px\" \/><\/div><\/a>\n\t\t\t\t<div class=\"elementor-post__text\">\n\t\t\t\t<h5 class=\"elementor-post__title\">\n\t\t\t<a href=\"https:\/\/bikekia.sk\/en\/come-to-the-kiosk-on-bikekia-2\/\" >\n\t\t\t\tCome to the Kiosk on BikeKIA!\t\t\t<\/a>\n\t\t<\/h5>\n\t\t\t\t<div class=\"elementor-post__excerpt\">\n\t\t\t<p>Bikers, we invite you to Kiosk &#8211; Festival of high voltage theatre and<\/p>\n\t\t<\/div>\n\t\t\t\t<\/div>\n\t\t\t\t<div class=\"elementor-post__meta-data\">\n\t\t\t\t\t<span class=\"elementor-post-date\">\n\t\t\t19.01.2024\t\t<\/span>\n\t\t\t\t<\/div>\n\t\t\t\t\t<\/div>\n\t\t<\/article>\n\t\t\t\t<article class=\"elementor-post elementor-grid-item post-819 post type-post status-publish format-standard has-post-thumbnail hentry category-novinky-en\">\n\t\t\t<div class=\"elementor-post__card\">\n\t\t\t\t<a class=\"elementor-post__thumbnail__link\" href=\"https:\/\/bikekia.sk\/en\/come-to-the-kiosk-on-bikekia\/\" tabindex=\"-1\" ><div class=\"elementor-post__thumbnail\"><img loading=\"lazy\" decoding=\"async\" width=\"768\" height=\"384\" src=\"https:\/\/bikekia.sk\/wp-content\/uploads\/2023\/07\/68915fbc-e753-4bbe-92db-31c393065a33_768_384.png\" class=\"attachment-full size-full wp-image-733\" alt=\"\" srcset=\"https:\/\/bikekia.sk\/wp-content\/uploads\/2023\/07\/68915fbc-e753-4bbe-92db-31c393065a33_768_384.png 768w, https:\/\/bikekia.sk\/wp-content\/uploads\/2023\/07\/68915fbc-e753-4bbe-92db-31c393065a33_768_384-300x150.png 300w\" sizes=\"(max-width: 768px) 100vw, 768px\" \/><\/div><\/a>\n\t\t\t\t<div class=\"elementor-post__text\">\n\t\t\t\t<h5 class=\"elementor-post__title\">\n\t\t\t<a href=\"https:\/\/bikekia.sk\/en\/come-to-the-kiosk-on-bikekia\/\" >\n\t\t\t\tCome to the Kiosk on BikeKIA!\t\t\t<\/a>\n\t\t<\/h5>\n\t\t\t\t<div class=\"elementor-post__excerpt\">\n\t\t\t<p>Bikers, we invite you to Kiosk &#8211; Festival of high voltage theatre and<\/p>\n\t\t<\/div>\n\t\t\t\t<\/div>\n\t\t\t\t<div class=\"elementor-post__meta-data\">\n\t\t\t\t\t<span class=\"elementor-post-date\">\n\t\t\t26.07.2023\t\t<\/span>\n\t\t\t\t<\/div>\n\t\t\t\t\t<\/div>\n\t\t<\/article>\n\t\t\t\t<article class=\"elementor-post elementor-grid-item post-825 post type-post status-publish format-standard has-post-thumbnail hentry category-novinky-en\">\n\t\t\t<div class=\"elementor-post__card\">\n\t\t\t\t<a class=\"elementor-post__thumbnail__link\" href=\"https:\/\/bikekia.sk\/en\/take-a-picture-of-bikekia-and-win\/\" tabindex=\"-1\" ><div class=\"elementor-post__thumbnail\"><img loading=\"lazy\" decoding=\"async\" width=\"1440\" height=\"1440\" src=\"https:\/\/bikekia.sk\/wp-content\/uploads\/2023\/08\/sutaz.jpeg\" class=\"attachment-full size-full wp-image-740\" alt=\"\" srcset=\"https:\/\/bikekia.sk\/wp-content\/uploads\/2023\/08\/sutaz.jpeg 1440w, https:\/\/bikekia.sk\/wp-content\/uploads\/2023\/08\/sutaz-300x300.jpeg 300w, https:\/\/bikekia.sk\/wp-content\/uploads\/2023\/08\/sutaz-1024x1024.jpeg 1024w, https:\/\/bikekia.sk\/wp-content\/uploads\/2023\/08\/sutaz-150x150.jpeg 150w, https:\/\/bikekia.sk\/wp-content\/uploads\/2023\/08\/sutaz-768x768.jpeg 768w\" sizes=\"(max-width: 1440px) 100vw, 1440px\" \/><\/div><\/a>\n\t\t\t\t<div class=\"elementor-post__text\">\n\t\t\t\t<h5 class=\"elementor-post__title\">\n\t\t\t<a href=\"https:\/\/bikekia.sk\/en\/take-a-picture-of-bikekia-and-win\/\" >\n\t\t\t\tTake a picture of BikeKIA and win!\t\t\t<\/a>\n\t\t<\/h5>\n\t\t\t\t<div class=\"elementor-post__excerpt\">\n\t\t\t<p>Bikers, we have the BikeKIA summer photo contest for you! Three of you<\/p>\n\t\t<\/div>\n\t\t\t\t<\/div>\n\t\t\t\t<div class=\"elementor-post__meta-data\">\n\t\t\t\t\t<span class=\"elementor-post-date\">\n\t\t\t20.07.2023\t\t<\/span>\n\t\t\t\t<\/div>\n\t\t\t\t\t<\/div>\n\t\t<\/article>\n\t\t\t\t<article class=\"elementor-post elementor-grid-item post-1124 post type-post status-publish format-standard has-post-thumbnail hentry category-novinky-en\">\n\t\t\t<div class=\"elementor-post__card\">\n\t\t\t\t<a class=\"elementor-post__thumbnail__link\" href=\"https:\/\/bikekia.sk\/en\/take-a-ride-for-fun-too\/\" tabindex=\"-1\" ><div class=\"elementor-post__thumbnail\"><img loading=\"lazy\" decoding=\"async\" width=\"960\" height=\"540\" src=\"https:\/\/bikekia.sk\/wp-content\/uploads\/2023\/08\/zpAktkpTURBXy9hNjY4OWEyMzU4MjU0Mjk0NzNhZTQ1MGNlYmQ4ZmUyNC5wbmeSlQMIAM0GHM0DcJUCzQfQAMLD.jpg\" class=\"attachment-full size-full wp-image-741\" alt=\"\" srcset=\"https:\/\/bikekia.sk\/wp-content\/uploads\/2023\/08\/zpAktkpTURBXy9hNjY4OWEyMzU4MjU0Mjk0NzNhZTQ1MGNlYmQ4ZmUyNC5wbmeSlQMIAM0GHM0DcJUCzQfQAMLD.jpg 960w, https:\/\/bikekia.sk\/wp-content\/uploads\/2023\/08\/zpAktkpTURBXy9hNjY4OWEyMzU4MjU0Mjk0NzNhZTQ1MGNlYmQ4ZmUyNC5wbmeSlQMIAM0GHM0DcJUCzQfQAMLD-300x169.jpg 300w, https:\/\/bikekia.sk\/wp-content\/uploads\/2023\/08\/zpAktkpTURBXy9hNjY4OWEyMzU4MjU0Mjk0NzNhZTQ1MGNlYmQ4ZmUyNC5wbmeSlQMIAM0GHM0DcJUCzQfQAMLD-768x432.jpg 768w\" sizes=\"(max-width: 960px) 100vw, 960px\" \/><\/div><\/a>\n\t\t\t\t<div class=\"elementor-post__text\">\n\t\t\t\t<h5 class=\"elementor-post__title\">\n\t\t\t<a href=\"https:\/\/bikekia.sk\/en\/take-a-ride-for-fun-too\/\" >\n\t\t\t\tTake a ride for fun too\t\t\t<\/a>\n\t\t<\/h5>\n\t\t\t\t<div class=\"elementor-post__excerpt\">\n\t\t\t<p>Biker, If you don&#8217;t have plans for this weekend, we would like to<\/p>\n\t\t<\/div>\n\t\t\t\t<\/div>\n\t\t\t\t<div class=\"elementor-post__meta-data\">\n\t\t\t\t\t<span class=\"elementor-post-date\">\n\t\t\t26.06.2023\t\t<\/span>\n\t\t\t\t<\/div>\n\t\t\t\t\t<\/div>\n\t\t<\/article>\n\t\t\t\t<article class=\"elementor-post elementor-grid-item post-1125 post type-post status-publish format-standard has-post-thumbnail hentry category-novinky-en\">\n\t\t\t<div class=\"elementor-post__card\">\n\t\t\t\t<a class=\"elementor-post__thumbnail__link\" href=\"https:\/\/bikekia.sk\/en\/ride-your-bike-to-work-again-in-june\/\" tabindex=\"-1\" ><div class=\"elementor-post__thumbnail\"><img loading=\"lazy\" decoding=\"async\" width=\"1821\" height=\"2560\" src=\"https:\/\/bikekia.sk\/wp-content\/uploads\/2023\/02\/A3_Plagat_SK_2023-01-scaled-1.jpg\" class=\"attachment-full size-full wp-image-760\" alt=\"\" srcset=\"https:\/\/bikekia.sk\/wp-content\/uploads\/2023\/02\/A3_Plagat_SK_2023-01-scaled-1.jpg 1821w, https:\/\/bikekia.sk\/wp-content\/uploads\/2023\/02\/A3_Plagat_SK_2023-01-scaled-1-213x300.jpg 213w, https:\/\/bikekia.sk\/wp-content\/uploads\/2023\/02\/A3_Plagat_SK_2023-01-scaled-1-728x1024.jpg 728w, https:\/\/bikekia.sk\/wp-content\/uploads\/2023\/02\/A3_Plagat_SK_2023-01-scaled-1-768x1080.jpg 768w, https:\/\/bikekia.sk\/wp-content\/uploads\/2023\/02\/A3_Plagat_SK_2023-01-scaled-1-1093x1536.jpg 1093w, https:\/\/bikekia.sk\/wp-content\/uploads\/2023\/02\/A3_Plagat_SK_2023-01-scaled-1-1457x2048.jpg 1457w\" sizes=\"(max-width: 1821px) 100vw, 1821px\" \/><\/div><\/a>\n\t\t\t\t<div class=\"elementor-post__text\">\n\t\t\t\t<h5 class=\"elementor-post__title\">\n\t\t\t<a href=\"https:\/\/bikekia.sk\/en\/ride-your-bike-to-work-again-in-june\/\" >\n\t\t\t\tRide your bike to work again in June!\t\t\t<\/a>\n\t\t<\/h5>\n\t\t\t\t<div class=\"elementor-post__excerpt\">\n\t\t\t<p>Ob\u013e\u00faben\u00e1 celon\u00e1rodn\u00e1 kampa\u0148 Do pr\u00e1ce na bicykli, do ktorej sa ka\u017edoro\u010dne zap\u00e1jaj\u00fa tis\u00edcky<\/p>\n\t\t<\/div>\n\t\t\t\t<\/div>\n\t\t\t\t<div class=\"elementor-post__meta-data\">\n\t\t\t\t\t<span class=\"elementor-post-date\">\n\t\t\t11.05.2023\t\t<\/span>\n\t\t\t\t<\/div>\n\t\t\t\t\t<\/div>\n\t\t<\/article>\n\t\t\t\t<article class=\"elementor-post elementor-grid-item post-1126 post type-post status-publish format-standard has-post-thumbnail hentry category-novinky-en\">\n\t\t\t<div class=\"elementor-post__card\">\n\t\t\t\t<a class=\"elementor-post__thumbnail__link\" href=\"https:\/\/bikekia.sk\/en\/the-new-bikesharing-season-starts-on-27-march\/\" tabindex=\"-1\" ><div class=\"elementor-post__thumbnail\"><img loading=\"lazy\" decoding=\"async\" width=\"1030\" height=\"670\" src=\"https:\/\/bikekia.sk\/wp-content\/uploads\/2023\/03\/Novinka-ikona-1030x670-1.jpg\" class=\"attachment-full size-full wp-image-761\" alt=\"\" srcset=\"https:\/\/bikekia.sk\/wp-content\/uploads\/2023\/03\/Novinka-ikona-1030x670-1.jpg 1030w, https:\/\/bikekia.sk\/wp-content\/uploads\/2023\/03\/Novinka-ikona-1030x670-1-300x195.jpg 300w, https:\/\/bikekia.sk\/wp-content\/uploads\/2023\/03\/Novinka-ikona-1030x670-1-1024x666.jpg 1024w, https:\/\/bikekia.sk\/wp-content\/uploads\/2023\/03\/Novinka-ikona-1030x670-1-768x500.jpg 768w\" sizes=\"(max-width: 1030px) 100vw, 1030px\" \/><\/div><\/a>\n\t\t\t\t<div class=\"elementor-post__text\">\n\t\t\t\t<h5 class=\"elementor-post__title\">\n\t\t\t<a href=\"https:\/\/bikekia.sk\/en\/the-new-bikesharing-season-starts-on-27-march\/\" >\n\t\t\t\tThe new bikesharing season starts on 27 March\t\t\t<\/a>\n\t\t<\/h5>\n\t\t\t\t<div class=\"elementor-post__excerpt\">\n\t\t\t<p>Dear cycling enthusiasts, \u017dilina bikesharing enters its fifth season from 27 March. This<\/p>\n\t\t<\/div>\n\t\t\t\t<\/div>\n\t\t\t\t<div class=\"elementor-post__meta-data\">\n\t\t\t\t\t<span class=\"elementor-post-date\">\n\t\t\t09.03.2023\t\t<\/span>\n\t\t\t\t<\/div>\n\t\t\t\t\t<\/div>\n\t\t<\/article>\n\t\t\t\t<article class=\"elementor-post elementor-grid-item post-1127 post type-post status-publish format-standard has-post-thumbnail hentry category-novinky-en\">\n\t\t\t<div class=\"elementor-post__card\">\n\t\t\t\t<a class=\"elementor-post__thumbnail__link\" href=\"https:\/\/bikekia.sk\/en\/bikekia-season-is-over-we-will-meet-again-in-spring\/\" tabindex=\"-1\" ><div class=\"elementor-post__thumbnail\"><img loading=\"lazy\" decoding=\"async\" width=\"1030\" height=\"1030\" src=\"https:\/\/bikekia.sk\/wp-content\/uploads\/2023\/08\/sklad-1030x1030-1.jpg\" class=\"attachment-full size-full wp-image-973\" alt=\"\" srcset=\"https:\/\/bikekia.sk\/wp-content\/uploads\/2023\/08\/sklad-1030x1030-1.jpg 1030w, https:\/\/bikekia.sk\/wp-content\/uploads\/2023\/08\/sklad-1030x1030-1-300x300.jpg 300w, https:\/\/bikekia.sk\/wp-content\/uploads\/2023\/08\/sklad-1030x1030-1-1024x1024.jpg 1024w, https:\/\/bikekia.sk\/wp-content\/uploads\/2023\/08\/sklad-1030x1030-1-150x150.jpg 150w, https:\/\/bikekia.sk\/wp-content\/uploads\/2023\/08\/sklad-1030x1030-1-768x768.jpg 768w\" sizes=\"(max-width: 1030px) 100vw, 1030px\" \/><\/div><\/a>\n\t\t\t\t<div class=\"elementor-post__text\">\n\t\t\t\t<h5 class=\"elementor-post__title\">\n\t\t\t<a href=\"https:\/\/bikekia.sk\/en\/bikekia-season-is-over-we-will-meet-again-in-spring\/\" >\n\t\t\t\tBikeKIA season is over &#8211; we will meet again in spring\t\t\t<\/a>\n\t\t<\/h5>\n\t\t\t\t<div class=\"elementor-post__excerpt\">\n\t\t\t<p>Dear cycling enthusiasts, BikeKIA bicycles are in storage as of this week, ready<\/p>\n\t\t<\/div>\n\t\t\t\t<\/div>\n\t\t\t\t<div class=\"elementor-post__meta-data\">\n\t\t\t\t\t<span class=\"elementor-post-date\">\n\t\t\t13.12.2022\t\t<\/span>\n\t\t\t\t<\/div>\n\t\t\t\t\t<\/div>\n\t\t<\/article>\n\t\t\t\t<article class=\"elementor-post elementor-grid-item post-1128 post type-post status-publish format-standard has-post-thumbnail hentry category-novinky-en\">\n\t\t\t<div class=\"elementor-post__card\">\n\t\t\t\t<a class=\"elementor-post__thumbnail__link\" href=\"https:\/\/bikekia.sk\/en\/survival-guide-the-bike-cant-be-locked-when-handed-over-what-to-do\/\" tabindex=\"-1\" ><div class=\"elementor-post__thumbnail\"><img loading=\"lazy\" decoding=\"async\" width=\"1440\" height=\"1440\" src=\"https:\/\/bikekia.sk\/wp-content\/uploads\/2023\/08\/navod.jpeg\" class=\"attachment-full size-full wp-image-977\" alt=\"\" srcset=\"https:\/\/bikekia.sk\/wp-content\/uploads\/2023\/08\/navod.jpeg 1440w, https:\/\/bikekia.sk\/wp-content\/uploads\/2023\/08\/navod-300x300.jpeg 300w, https:\/\/bikekia.sk\/wp-content\/uploads\/2023\/08\/navod-1024x1024.jpeg 1024w, https:\/\/bikekia.sk\/wp-content\/uploads\/2023\/08\/navod-150x150.jpeg 150w, https:\/\/bikekia.sk\/wp-content\/uploads\/2023\/08\/navod-768x768.jpeg 768w\" sizes=\"(max-width: 1440px) 100vw, 1440px\" \/><\/div><\/a>\n\t\t\t\t<div class=\"elementor-post__text\">\n\t\t\t\t<h5 class=\"elementor-post__title\">\n\t\t\t<a href=\"https:\/\/bikekia.sk\/en\/survival-guide-the-bike-cant-be-locked-when-handed-over-what-to-do\/\" >\n\t\t\t\tSurvival guide: the bike can&#8217;t be locked when handed over, what to do?\t\t\t<\/a>\n\t\t<\/h5>\n\t\t\t\t<div class=\"elementor-post__excerpt\">\n\t\t\t<p>What should I do if the bike cannot be locked when I hand<\/p>\n\t\t<\/div>\n\t\t\t\t<\/div>\n\t\t\t\t<div class=\"elementor-post__meta-data\">\n\t\t\t\t\t<span class=\"elementor-post-date\">\n\t\t\t08.11.2022\t\t<\/span>\n\t\t\t\t<\/div>\n\t\t\t\t\t<\/div>\n\t\t<\/article>\n\t\t\t\t<\/div>\n\t\t\n\t\t\t\t<\/div>\n\t\t\t\t<\/div>\n\t\t\t\t\t<\/div>\n\t\t<\/div>\n\t\t\t\t\t<\/div>\n\t\t<\/section>\n\t\t\t\t\t<\/div>\n\t\t<\/div>\n\t\t\t\t\t<\/div>\n\t\t<\/section>\n\t\t\t\t<\/div>\n\t\t","protected":false},"excerpt":{"rendered":"<p>Bike News<\/p>\n","protected":false},"author":1,"featured_media":0,"parent":0,"menu_order":0,"comment_status":"closed","ping_status":"open","template":"","meta":{"footnotes":""},"class_list":["post-720","page","type-page","status-publish","hentry"],"_links":{"self":[{"href":"https:\/\/bikekia.sk\/en\/wp-json\/wp\/v2\/pages\/720","targetHints":{"allow":["GET"]}}],"collection":[{"href":"https:\/\/bikekia.sk\/en\/wp-json\/wp\/v2\/pages"}],"about":[{"href":"https:\/\/bikekia.sk\/en\/wp-json\/wp\/v2\/types\/page"}],"author":[{"embeddable":true,"href":"https:\/\/bikekia.sk\/en\/wp-json\/wp\/v2\/users\/1"}],"replies":[{"embeddable":true,"href":"https:\/\/bikekia.sk\/en\/wp-json\/wp\/v2\/comments?post=720"}],"version-history":[{"count":8,"href":"https:\/\/bikekia.sk\/en\/wp-json\/wp\/v2\/pages\/720\/revisions"}],"predecessor-version":[{"id":1366,"href":"https:\/\/bikekia.sk\/en\/wp-json\/wp\/v2\/pages\/720\/revisions\/1366"}],"wp:attachment":[{"href":"https:\/\/bikekia.sk\/en\/wp-json\/wp\/v2\/media?parent=720"}],"curies":[{"name":"wp","href":"https:\/\/api.w.org\/{rel}","templated":true}]}}